{"id":93,"date":"2025-06-14T16:39:23","date_gmt":"2025-06-14T13:39:23","guid":{"rendered":"https:\/\/torosiskele.com\/torosiskele\/?page_id=93"},"modified":"2025-06-14T16:42:24","modified_gmt":"2025-06-14T13:42:24","slug":"iletisim","status":"publish","type":"page","link":"https:\/\/torosiskele.com\/torosiskele\/iletisim\/","title":{"rendered":"\u0130LET\u0130\u015e\u0130M"},"content":{"rendered":"<h2 style=\"text-align: center;\"><\/h2>\n<h2 style=\"text-align: center;\">YAPICI \u0130N\u015eAAT GRUP VE TOROS \u0130SKELE<\/h2>\n<h2 style=\"text-align: center;\">CEO \/ FOUNDER<\/h2>\n<h2 style=\"text-align: center;\">\u015eAH\u0130N YAPICI<\/h2>\n<h2 style=\"text-align: center;\">0533- 616 15 05<\/h2>\n<h2 style=\"text-align: center;\"><\/h2>\n","protected":false},"excerpt":{"rendered":"<p>YAPICI \u0130N\u015eAAT GRUP VE TOROS \u0130SKELE CEO \/ FOUNDER \u015eAH\u0130N YAPICI 0533- 616 15 05<\/p>\n","protected":false},"author":1,"featured_media":0,"parent":0,"menu_order":7,"comment_status":"closed","ping_status":"closed","template":"","meta":{"_stopmodifiedupdate":false,"_modified_date":"","footnotes":""},"class_list":["post-93","page","type-page","status-publish","hentry"],"_links":{"self":[{"href":"https:\/\/torosiskele.com\/torosiskele\/wp-json\/wp\/v2\/pages\/93","targetHints":{"allow":["GET"]}}],"collection":[{"href":"https:\/\/torosiskele.com\/torosiskele\/wp-json\/wp\/v2\/pages"}],"about":[{"href":"https:\/\/torosiskele.com\/torosiskele\/wp-json\/wp\/v2\/types\/page"}],"author":[{"embeddable":true,"href":"https:\/\/torosiskele.com\/torosiskele\/wp-json\/wp\/v2\/users\/1"}],"replies":[{"embeddable":true,"href":"https:\/\/torosiskele.com\/torosiskele\/wp-json\/wp\/v2\/comments?post=93"}],"version-history":[{"count":3,"href":"https:\/\/torosiskele.com\/torosiskele\/wp-json\/wp\/v2\/pages\/93\/revisions"}],"predecessor-version":[{"id":103,"href":"https:\/\/torosiskele.com\/torosiskele\/wp-json\/wp\/v2\/pages\/93\/revisions\/103"}],"wp:attachment":[{"href":"https:\/\/torosiskele.com\/torosiskele\/wp-json\/wp\/v2\/media?parent=93"}],"curies":[{"name":"wp","href":"https:\/\/api.w.org\/{rel}","templated":true}]}}