{"id":85,"date":"2025-06-14T16:38:09","date_gmt":"2025-06-14T13:38:09","guid":{"rendered":"https:\/\/torosiskele.com\/torosiskele\/?page_id=85"},"modified":"2025-06-14T16:38:09","modified_gmt":"2025-06-14T13:38:09","slug":"kovanli-iskele","status":"publish","type":"page","link":"https:\/\/torosiskele.com\/torosiskele\/kovanli-iskele\/","title":{"rendered":"Kovanl\u0131 \u0130skele"},"content":{"rendered":"<h3>Kovanl\u0131 iskele sistemi; k\u00f6pr\u00fc viyad\u00fck, sanayi, santral gibi y\u00fcksek ve a\u011f\u0131r betonlu projelerde d\u00f6\u015feme ve kiri\u015f kal\u0131b\u0131 ta\u015f\u0131y\u0131c\u0131 sistemi olarak kullan\u0131lmaktad\u0131r. A\u011f\u0131r ve y\u00fcksek projelerde son derece emniyetli bir sistem olmas\u0131 nedeniyle tercih sebebidir. 3 ana par\u00e7adan olu\u015fmaktad\u0131r. Depolamada fazla yer kaplamaz. Birbirinden ba\u011f\u0131ms\u0131z kulelerden olu\u015fan bu sistem her t\u00fcrl\u00fc projeye kolayl\u0131kla uyarlanabilir.<\/h3>\n","protected":false},"excerpt":{"rendered":"<p>Kovanl\u0131 iskele sistemi; k\u00f6pr\u00fc viyad\u00fck, sanayi, santral gibi y\u00fcksek ve a\u011f\u0131r betonlu projelerde d\u00f6\u015feme ve kiri\u015f kal\u0131b\u0131 ta\u015f\u0131y\u0131c\u0131 sistemi olarak kullan\u0131lmaktad\u0131r. A\u011f\u0131r ve y\u00fcksek projelerde son derece emniyetli bir sistem olmas\u0131 nedeniyle tercih sebebidir. 3 ana par\u00e7adan olu\u015fmaktad\u0131r. Depolamada fazla yer kaplamaz. Birbirinden ba\u011f\u0131ms\u0131z kulelerden olu\u015fan bu sistem her t\u00fcrl\u00fc projeye kolayl\u0131kla uyarlanabilir.<\/p>\n","protected":false},"author":1,"featured_media":0,"parent":0,"menu_order":0,"comment_status":"closed","ping_status":"closed","template":"","meta":{"_stopmodifiedupdate":false,"_modified_date":"","footnotes":""},"class_list":["post-85","page","type-page","status-publish","hentry"],"_links":{"self":[{"href":"https:\/\/torosiskele.com\/torosiskele\/wp-json\/wp\/v2\/pages\/85","targetHints":{"allow":["GET"]}}],"collection":[{"href":"https:\/\/torosiskele.com\/torosiskele\/wp-json\/wp\/v2\/pages"}],"about":[{"href":"https:\/\/torosiskele.com\/torosiskele\/wp-json\/wp\/v2\/types\/page"}],"author":[{"embeddable":true,"href":"https:\/\/torosiskele.com\/torosiskele\/wp-json\/wp\/v2\/users\/1"}],"replies":[{"embeddable":true,"href":"https:\/\/torosiskele.com\/torosiskele\/wp-json\/wp\/v2\/comments?post=85"}],"version-history":[{"count":1,"href":"https:\/\/torosiskele.com\/torosiskele\/wp-json\/wp\/v2\/pages\/85\/revisions"}],"predecessor-version":[{"id":87,"href":"https:\/\/torosiskele.com\/torosiskele\/wp-json\/wp\/v2\/pages\/85\/revisions\/87"}],"wp:attachment":[{"href":"https:\/\/torosiskele.com\/torosiskele\/wp-json\/wp\/v2\/media?parent=85"}],"curies":[{"name":"wp","href":"https:\/\/api.w.org\/{rel}","templated":true}]}}