{"id":82,"date":"2025-06-14T16:37:10","date_gmt":"2025-06-14T13:37:10","guid":{"rendered":"https:\/\/torosiskele.com\/torosiskele\/?page_id=82"},"modified":"2025-06-14T16:37:27","modified_gmt":"2025-06-14T13:37:27","slug":"cup-lock-iskele-sistemleri","status":"publish","type":"page","link":"https:\/\/torosiskele.com\/torosiskele\/cup-lock-iskele-sistemleri\/","title":{"rendered":"Cup-Lock \u0130skele Sistemleri"},"content":{"rendered":"<h2>Cup-Lock iskele sistemi, y\u00fcksek ve kal\u0131n d\u00f6\u015femelerde ve kiri\u015f kal\u0131b\u0131 alt\u0131nda kullan\u0131lan iskele sistemidir. Kolay depolanabilen, kurulumu ve y\u00fcksek y\u00fck ta\u015f\u0131ma kapasitesi ve farkl\u0131 projelere kolay uyum sa\u011flayabilmesi nedeniyle di\u011fer iskele sistemlerine g\u00f6re daha \u00e7ok tercih edilmektedir. Alternatif d\u0131\u015f cephe iskelesi olarak kullan\u0131labilir.<\/h2>\n","protected":false},"excerpt":{"rendered":"<p>Cup-Lock iskele sistemi, y\u00fcksek ve kal\u0131n d\u00f6\u015femelerde ve kiri\u015f kal\u0131b\u0131 alt\u0131nda kullan\u0131lan iskele sistemidir. Kolay depolanabilen, kurulumu ve y\u00fcksek y\u00fck ta\u015f\u0131ma kapasitesi ve farkl\u0131 projelere kolay uyum sa\u011flayabilmesi nedeniyle di\u011fer iskele sistemlerine g\u00f6re daha \u00e7ok tercih edilmektedir. Alternatif d\u0131\u015f cephe iskelesi olarak kullan\u0131labilir.<\/p>\n","protected":false},"author":1,"featured_media":0,"parent":0,"menu_order":2,"comment_status":"closed","ping_status":"closed","template":"","meta":{"_stopmodifiedupdate":false,"_modified_date":"","footnotes":""},"class_list":["post-82","page","type-page","status-publish","hentry"],"_links":{"self":[{"href":"https:\/\/torosiskele.com\/torosiskele\/wp-json\/wp\/v2\/pages\/82","targetHints":{"allow":["GET"]}}],"collection":[{"href":"https:\/\/torosiskele.com\/torosiskele\/wp-json\/wp\/v2\/pages"}],"about":[{"href":"https:\/\/torosiskele.com\/torosiskele\/wp-json\/wp\/v2\/types\/page"}],"author":[{"embeddable":true,"href":"https:\/\/torosiskele.com\/torosiskele\/wp-json\/wp\/v2\/users\/1"}],"replies":[{"embeddable":true,"href":"https:\/\/torosiskele.com\/torosiskele\/wp-json\/wp\/v2\/comments?post=82"}],"version-history":[{"count":2,"href":"https:\/\/torosiskele.com\/torosiskele\/wp-json\/wp\/v2\/pages\/82\/revisions"}],"predecessor-version":[{"id":84,"href":"https:\/\/torosiskele.com\/torosiskele\/wp-json\/wp\/v2\/pages\/82\/revisions\/84"}],"wp:attachment":[{"href":"https:\/\/torosiskele.com\/torosiskele\/wp-json\/wp\/v2\/media?parent=82"}],"curies":[{"name":"wp","href":"https:\/\/api.w.org\/{rel}","templated":true}]}}