{"id":80,"date":"2025-06-14T16:36:49","date_gmt":"2025-06-14T13:36:49","guid":{"rendered":"https:\/\/torosiskele.com\/torosiskele\/?page_id=80"},"modified":"2025-06-14T16:37:49","modified_gmt":"2025-06-14T13:37:49","slug":"masa-tipi-iskele-sistemi","status":"publish","type":"page","link":"https:\/\/torosiskele.com\/torosiskele\/masa-tipi-iskele-sistemi\/","title":{"rendered":"Masa Tipi \u0130skele Sistemi"},"content":{"rendered":"<h2>Masa tipi iskele sistemi k\u00f6pr\u00fc, viyad\u00fck, sanayi ve santral gibi y\u00fcksek alanlar ve a\u011f\u0131r betonlu projeler i\u00e7in tasarlanm\u0131\u015ft\u0131r. Kal\u0131p iskelesi uygulamas\u0131 sayesinde y\u00fcksek alanlarda ve a\u011f\u0131r y\u00fcklerde kullan\u0131m kolayl\u0131\u011f\u0131 sa\u011flamaktad\u0131r.<\/h2>\n","protected":false},"excerpt":{"rendered":"<p>Masa tipi iskele sistemi k\u00f6pr\u00fc, viyad\u00fck, sanayi ve santral gibi y\u00fcksek alanlar ve a\u011f\u0131r betonlu projeler i\u00e7in tasarlanm\u0131\u015ft\u0131r. Kal\u0131p iskelesi uygulamas\u0131 sayesinde y\u00fcksek alanlarda ve a\u011f\u0131r y\u00fcklerde kullan\u0131m kolayl\u0131\u011f\u0131 sa\u011flamaktad\u0131r.<\/p>\n","protected":false},"author":1,"featured_media":0,"parent":0,"menu_order":0,"comment_status":"closed","ping_status":"closed","template":"","meta":{"_stopmodifiedupdate":false,"_modified_date":"","footnotes":""},"class_list":["post-80","page","type-page","status-publish","hentry"],"_links":{"self":[{"href":"https:\/\/torosiskele.com\/torosiskele\/wp-json\/wp\/v2\/pages\/80","targetHints":{"allow":["GET"]}}],"collection":[{"href":"https:\/\/torosiskele.com\/torosiskele\/wp-json\/wp\/v2\/pages"}],"about":[{"href":"https:\/\/torosiskele.com\/torosiskele\/wp-json\/wp\/v2\/types\/page"}],"author":[{"embeddable":true,"href":"https:\/\/torosiskele.com\/torosiskele\/wp-json\/wp\/v2\/users\/1"}],"replies":[{"embeddable":true,"href":"https:\/\/torosiskele.com\/torosiskele\/wp-json\/wp\/v2\/comments?post=80"}],"version-history":[{"count":2,"href":"https:\/\/torosiskele.com\/torosiskele\/wp-json\/wp\/v2\/pages\/80\/revisions"}],"predecessor-version":[{"id":86,"href":"https:\/\/torosiskele.com\/torosiskele\/wp-json\/wp\/v2\/pages\/80\/revisions\/86"}],"wp:attachment":[{"href":"https:\/\/torosiskele.com\/torosiskele\/wp-json\/wp\/v2\/media?parent=80"}],"curies":[{"name":"wp","href":"https:\/\/api.w.org\/{rel}","templated":true}]}}