{"id":75,"date":"2025-06-14T16:34:52","date_gmt":"2025-06-14T13:34:52","guid":{"rendered":"https:\/\/torosiskele.com\/torosiskele\/?page_id=75"},"modified":"2025-06-14T16:38:27","modified_gmt":"2025-06-14T13:38:27","slug":"iskele-sistemleri","status":"publish","type":"page","link":"https:\/\/torosiskele.com\/torosiskele\/iskele-sistemleri\/","title":{"rendered":"\u0130SKELE S\u0130STEMLER\u0130"},"content":{"rendered":"<p><img loading=\"lazy\" decoding=\"async\" class=\"alignnone size-full wp-image-78\" src=\"https:\/\/torosiskele.com\/torosiskele\/wp-content\/uploads\/2025\/06\/kalip-alti-iskele-sistemleri.jpg\" alt=\"\" width=\"820\" height=\"567\" srcset=\"https:\/\/torosiskele.com\/torosiskele\/wp-content\/uploads\/2025\/06\/kalip-alti-iskele-sistemleri.jpg 820w, https:\/\/torosiskele.com\/torosiskele\/wp-content\/uploads\/2025\/06\/kalip-alti-iskele-sistemleri-300x207.jpg 300w, https:\/\/torosiskele.com\/torosiskele\/wp-content\/uploads\/2025\/06\/kalip-alti-iskele-sistemleri-768x531.jpg 768w\" sizes=\"auto, (max-width: 820px) 100vw, 820px\" \/><\/p>\n<p>&nbsp;<\/p>\n<p>Kal\u0131p alt\u0131 iskele sistemleri \u00e7a\u011fda\u015f in\u015faatlar\u0131n vazge\u00e7ilmez bir yap\u0131 eleman\u0131d\u0131r. D\u00f6\u015feme ve kiri\u015f alt\u0131nda ta\u015f\u0131y\u0131c\u0131 iskele olarak kullan\u0131l\u0131rlar. \u00c7ok ama\u00e7l\u0131d\u0131r. Kolay kurulumu, y\u00fcksek miktarda y\u00fck ta\u015f\u0131ma kapasitesi ve kolay s\u00f6k\u00fclmesi nedeniyle di\u011fer iskele sistemlerine nazaran en \u00e7ok tercih edilen sistemler aras\u0131ndad\u0131r.<\/p>\n<p>Kal\u0131p alt\u0131 iskele sistemleri k\u00f6pr\u00fc, viyad\u00fck, sanayi ve santral gibi y\u00fcksek ve a\u011f\u0131r betonlu projelerde \u00f6zellikle kullan\u0131lmaktad\u0131r. A\u011f\u0131r ve y\u00fcksek d\u00f6\u015femelerde son derece emniyetli bir sistem olmas\u0131ndan dolay\u0131 projelerde tercih edilmektedir.<\/p>\n<p>Kal\u0131p alt\u0131 iskele sistemlerinin masa kal\u0131b\u0131 iskelesi, y\u00fck iskelesi ve merdiven kulesi gibi \u00fc\u00e7 farkl\u0131 kullan\u0131m \u015fekli bulunmaktad\u0131r. Ta\u015f\u0131y\u0131c\u0131 sistemler olarak Masa Tipi \u0130skelet Sistemleri, Cup-Lock \u0130skele Sistemleri ve Kovanl\u0131 \u0130skele Sistemleri en \u00e7ok tercih edilen \u00fcr\u00fcnler aras\u0131nda yer al\u0131yor.<\/p>\n<p>Kal\u0131p alt\u0131 iskele sistemleri ba\u011flant\u0131 noktalar\u0131ndaki kilitleme ve y\u00fck aktarma \u00f6zelli\u011fi ile d\u00f6\u015feme ve kiri\u015f kal\u0131b\u0131 alt\u0131nda kullan\u0131lan en ideal sistemler aras\u0131nda yer al\u0131yor. Kal\u0131p iskelesi uygulamas\u0131 sayesinde b\u00fcy\u00fck y\u00fcksekliklerde ve a\u011f\u0131r y\u00fcklerde rahat kullan\u0131m kolayl\u0131\u011f\u0131 sa\u011flar.<\/p>\n<p>&nbsp;<\/p>\n<p>&nbsp;<\/p>\n<p><strong>Kal\u0131p Alt\u0131 \u0130skele Sistemleri Nelerdir?<\/strong><\/p>\n<p><strong>Masa Tipi \u0130skele Sistemi<\/strong><\/p>\n<p>Masa tipi iskele sistemi k\u00f6pr\u00fc, viyad\u00fck, sanayi ve santral gibi y\u00fcksek alanlar ve a\u011f\u0131r betonlu projeler i\u00e7in tasarlanm\u0131\u015ft\u0131r. Kal\u0131p iskelesi uygulamas\u0131 sayesinde y\u00fcksek alanlarda ve a\u011f\u0131r y\u00fcklerde kullan\u0131m kolayl\u0131\u011f\u0131 sa\u011flamaktad\u0131r.<\/p>\n<p><strong>Cup-Lock \u0130skele Sistemleri<\/strong><\/p>\n<p>Cup-Lock iskele sistemi, y\u00fcksek ve kal\u0131n d\u00f6\u015femelerde ve kiri\u015f kal\u0131b\u0131 alt\u0131nda kullan\u0131lan iskele sistemidir. Kolay depolanabilen, kurulumu ve y\u00fcksek y\u00fck ta\u015f\u0131ma kapasitesi ve farkl\u0131 projelere kolay uyum sa\u011flayabilmesi nedeniyle di\u011fer iskele sistemlerine g\u00f6re daha \u00e7ok tercih edilmektedir. Alternatif d\u0131\u015f cephe iskelesi olarak kullan\u0131labilir.<\/p>\n<p><strong>Kovanl\u0131 \u0130skele<\/strong><\/p>\n<p>Kovanl\u0131 iskele sistemi; k\u00f6pr\u00fc viyad\u00fck, sanayi, santral gibi y\u00fcksek ve a\u011f\u0131r betonlu projelerde d\u00f6\u015feme ve kiri\u015f kal\u0131b\u0131 ta\u015f\u0131y\u0131c\u0131 sistemi olarak kullan\u0131lmaktad\u0131r. A\u011f\u0131r ve y\u00fcksek projelerde son derece emniyetli bir sistem olmas\u0131 nedeniyle tercih sebebidir. 3 ana par\u00e7adan olu\u015fmaktad\u0131r. Depolamada fazla yer kaplamaz. Birbirinden ba\u011f\u0131ms\u0131z kulelerden olu\u015fan bu sistem her t\u00fcrl\u00fc projeye kolayl\u0131kla uyarlanabilir.<\/p>\n<p><strong>Teleskop Direkler<\/strong><\/p>\n<p>Teleskobik dikme sistemi farkl\u0131 y\u00fcksekliklere ayarlanabilme \u00f6zelli\u011fi ve y\u00fcksek ta\u015f\u0131ma kapasitesiyle her t\u00fcrl\u00fc projede kal\u0131p alt\u0131 ta\u015f\u0131y\u0131c\u0131 sistem olarak kullan\u0131lmaktad\u0131r.<\/p>\n","protected":false},"excerpt":{"rendered":"<p>&nbsp; Kal\u0131p alt\u0131 iskele sistemleri \u00e7a\u011fda\u015f in\u015faatlar\u0131n vazge\u00e7ilmez bir yap\u0131 eleman\u0131d\u0131r. D\u00f6\u015feme ve kiri\u015f alt\u0131nda ta\u015f\u0131y\u0131c\u0131 iskele olarak kullan\u0131l\u0131rlar. \u00c7ok ama\u00e7l\u0131d\u0131r. Kolay kurulumu, y\u00fcksek miktarda y\u00fck ta\u015f\u0131ma kapasitesi ve kolay s\u00f6k\u00fclmesi nedeniyle di\u011fer iskele sistemlerine nazaran en \u00e7ok tercih edilen sistemler aras\u0131ndad\u0131r. Kal\u0131p alt\u0131 iskele sistemleri k\u00f6pr\u00fc, viyad\u00fck, sanayi ve santral gibi y\u00fcksek ve a\u011f\u0131r [&hellip;]<\/p>\n","protected":false},"author":1,"featured_media":0,"parent":0,"menu_order":3,"comment_status":"closed","ping_status":"closed","template":"","meta":{"_stopmodifiedupdate":false,"_modified_date":"","footnotes":""},"class_list":["post-75","page","type-page","status-publish","hentry"],"_links":{"self":[{"href":"https:\/\/torosiskele.com\/torosiskele\/wp-json\/wp\/v2\/pages\/75","targetHints":{"allow":["GET"]}}],"collection":[{"href":"https:\/\/torosiskele.com\/torosiskele\/wp-json\/wp\/v2\/pages"}],"about":[{"href":"https:\/\/torosiskele.com\/torosiskele\/wp-json\/wp\/v2\/types\/page"}],"author":[{"embeddable":true,"href":"https:\/\/torosiskele.com\/torosiskele\/wp-json\/wp\/v2\/users\/1"}],"replies":[{"embeddable":true,"href":"https:\/\/torosiskele.com\/torosiskele\/wp-json\/wp\/v2\/comments?post=75"}],"version-history":[{"count":3,"href":"https:\/\/torosiskele.com\/torosiskele\/wp-json\/wp\/v2\/pages\/75\/revisions"}],"predecessor-version":[{"id":79,"href":"https:\/\/torosiskele.com\/torosiskele\/wp-json\/wp\/v2\/pages\/75\/revisions\/79"}],"wp:attachment":[{"href":"https:\/\/torosiskele.com\/torosiskele\/wp-json\/wp\/v2\/media?parent=75"}],"curies":[{"name":"wp","href":"https:\/\/api.w.org\/{rel}","templated":true}]}}