{"id":63,"date":"2025-06-14T16:28:28","date_gmt":"2025-06-14T13:28:28","guid":{"rendered":"https:\/\/torosiskele.com\/torosiskele\/?page_id=63"},"modified":"2025-06-14T16:28:28","modified_gmt":"2025-06-14T13:28:28","slug":"veri-sorumlusuna-basvuru-ve-formu","status":"publish","type":"page","link":"https:\/\/torosiskele.com\/torosiskele\/veri-sorumlusuna-basvuru-ve-formu\/","title":{"rendered":"Veri Sorumlusuna Ba\u015fvuru ve Formu"},"content":{"rendered":"<p>VER\u0130 SORUMLUSUNA BA\u015eVURU B\u0130LG\u0130LEND\u0130RMES\u0130 VE FORMU<\/p>\n<p>6698 Say\u0131l\u0131 Kis\u0327isel Verilerin Korunmas\u0131 Kanunu (\u201cKVKK\u201dveya \u201cKanun\u201d) kapsam\u0131nda ilgili kis\u0327i olarak tan\u0131mlanan kis\u0327isel veri sahiplerine veya bu kis\u0327ilerin yasal temsilcilerine (\u201cBas\u0327vuru Sahibi\u201d veya \u201cI\u0307lgili Kis\u0327i\u201d), KVKK\u2019n\u0131n 11\u2019inci maddesinde kis\u0327isel verilerin is\u0327lenmesine ilis\u0327kin taleplerde bulunma haklar\u0131 du\u0308zenlenmis\u0327tir.<br \/>\nKVKK\u2019n\u0131n 13 u\u0308ncu\u0308 maddesinin birinci f\u0131kras\u0131 uyar\u0131nca; veri sorumlusu olan TOROS \u0130SKELE bu haklara ilis\u0327kin olarak yap\u0131lacak bas\u0327vurular\u0131n yaz\u0131l\u0131 olarak veya Kis\u0327isel Verilerin Korunmas\u0131 Kurulu (\u201cKurul\u201d) taraf\u0131ndan belirlenen dig\u0306er yo\u0308ntemlerle iletilmesi gerekmektedir. Nitelig\u0306ine go\u0308re talebiniz; TOROS \u0130SKELE. \u2019ye ulas\u0327t\u0131g\u0306\u0131 tarihten itibaren en k\u0131sa su\u0308rede veya en gec\u0327 otuz gu\u0308n ic\u0327inde cevapland\u0131r\u0131lacakt\u0131r. Ancak is\u0327lemin ayr\u0131ca bir maliyet gerektirmesi halinde Teblig\u0306\u2019in 7. maddesi gereg\u0306ince u\u0308cret al\u0131nabilir.<\/p>\n<p>BAS\u0327VURU YO\u0308NTEMLER\u0130<br \/>\n&#8211;\u00a0\u00a0 \u00a0Posta Yoluyla veya S\u0327ahsen Bas\u0327vuru: Bas\u0327vuru Sahibi taraf\u0131ndan doldurulmus\u0327 ve imzalanm\u0131s\u0327 bas\u0327vuru formu ile kimlig\u0306ini tevsik edici belgelerle birlikte bizzat veya posta yoluyla bas\u0327vurulabilir.<\/p>\n<p>&#8211;\u00a0\u00a0 \u00a0Kay\u0131tl\u0131 Elektronik Posta (KEP) Yoluyla Bas\u0327vuru: Bas\u0327vuru Sahibi\u2019nce 5070 Say\u0131l\u0131 Elektronik I\u0307mza Kanununda tan\u0131ml\u0131 olan \u201cgu\u0308venli elektronik imza\u201d ile imzalanarak &#8230;..@hs03.kep.tr adresine go\u0308nderilmek suretiyle bas\u0327vuru yap\u0131labilir.<\/p>\n<p>&#8211;\u00a0\u00a0 \u00a0Mobil I\u0307mza veya Gu\u0308venli Elektronik I\u0307mza Kullan\u0131larak Elektronik Posta Yoluyla Bas\u0327vuru: Bas\u0327vuru Sahibi\u2019nce mobil imza veya gu\u0308venli elektronik imza ile imzalanm\u0131s\u0327 bir dilekc\u0327e veya dilerse \u201cBas\u0327vuru Formu\u201d doldurulmas\u0131 suretiyle\u00a0 XXXXX\u00a0 \u00a0e-posta go\u0308nderilerek bas\u0327vuru yap\u0131labilir.<\/p>\n<p>BAS\u0327VURU FORMU<\/p>\n<p>I\u0307LGI\u0307LI\u0307 KI\u0307S\u0327I\u0307 BI\u0307LGI\u0307LERI\u0307<br \/>\nAd\u0131 Soyad\u0131:<\/p>\n<p>TCKN:<br \/>\nPasaport No \/ Yabanc\u0131 Kimlik No:<br \/>\nAdres:<br \/>\nKEP (Kay\u0131tl\u0131 Elektronik Posta) adresi:<br \/>\nElektronik posta adresi:<br \/>\nTelefon No \/ Faks No:<\/p>\n<p>&#8211;\u00a0\u00a0 \u00a0C\u0327al\u0131s\u0327an\/Eski C\u0327al\u0131s\u0327an \u00a0\u00a0 \u00a0Ac\u0327\u0131klama:<br \/>\n&#8211;\u00a0\u00a0 \u00a0C\u0327al\u0131s\u0327an Aday\u0131\/ Stajyer Aday\u0131 (O\u0308zgec\u0327mis\u0327 Paylas\u0327\u0131m\u0131 Yapt\u0131m) \u00a0\u00a0 \u00a0Ac\u0327\u0131klama:<br \/>\n&#8211;\u00a0\u00a0 \u00a0M\u00fc\u015fteri\u00a0\u00a0 \u00a0Ac\u0327\u0131klama:<br \/>\n&#8211;\u00a0\u00a0 \u00a0Ziyaret\u00e7i\u00a0\u00a0 \u00a0Ac\u0327\u0131klama:<br \/>\n&#8211;\u00a0\u00a0 \u00a0Di\u011fer\u00a0\u00a0 \u00a0Ac\u0327\u0131klama:<\/p>\n<p>BAS\u0327VURU I\u0307C\u0327ERI\u0307G\u0306I\u0307<\/p>\n<p>Bas\u0327vuru Yap\u0131lan Veri Sorumlusu<br \/>\n\u2026\u2026\u2026\u2026\u2026\u2026\u2026\u2026<\/p>\n<p>Bas\u0327vuru Kapsam\u0131nda I\u0307letilecek Talep Konusu \u00a0\u00a0 \u00a0\u2610Kis\u0327isel verilerimin is\u0327lenip is\u0327lenmedig\u0306ini o\u0308g\u0306renmek istiyorum.<br \/>\n&#8211;\u00a0Kis\u0327isel verilerim is\u0327lenmis\u0327se buna ilis\u0327kin bilgi talep ediyorum.<br \/>\n&#8211;\u00a0Kis\u0327isel verilerimin is\u0327lenme amac\u0131n\u0131 ve bunlar\u0131n amac\u0131na uygun kullan\u0131l\u0131p kullan\u0131lmad\u0131g\u0306\u0131n\u0131 o\u0308g\u0306renmek istiyorum.<br \/>\n&#8211;\u00a0Kis\u0327isel verilerimin yurt ic\u0327inde veya yurt d\u0131s\u0327\u0131nda aktar\u0131ld\u0131g\u0306\u0131 u\u0308c\u0327u\u0308ncu\u0308 kis\u0327ileri o\u0308g\u0306renmek istiyorum.<br \/>\n&#8211;\u00a0Kanunen o\u0308ngo\u0308ru\u0308len s\u0327artlar c\u0327erc\u0327evesinde kis\u0327isel verilerimin silinmesini veya yok edilmesini veya anonimles\u0327tirilmesini istiyorum.<br \/>\n&#8211;\u00a0Kis\u0327isel verilerimin eksik veya yanl\u0131s\u0327 is\u0327lenmis\u0327 olmas\u0131 nedeniyle bunlar\u0131n du\u0308zeltilmesini istiyorum.<br \/>\n(lu\u0308tfen ac\u0327\u0131klama k\u0131sm\u0131na du\u0308zeltilmesini istedig\u0306iniz kis\u0327isel veriniz ile ilgili detayl\u0131 bilgi veriniz)<br \/>\n&#8211;\u00a0Talebim u\u0308zerine kis\u0327isel verilerimde deg\u0306is\u0327iklik yap\u0131lmas\u0131 halinde, kis\u0327isel verilerimin aktar\u0131ld\u0131g\u0306\u0131 u\u0308c\u0327u\u0308ncu\u0308 kis\u0327ilere bunun bildirilmesini istiyorum.<br \/>\n&#8211;\u00a0Kis\u0327isel verilerimin kanuna ayk\u0131r\u0131 olarak is\u0327lenmesi sebebiyle ug\u0306rad\u0131g\u0306\u0131m zarar\u0131n giderilmesini talep ediyorum.<br \/>\n(lu\u0308tfen zarar\u0131n\u0131z\u0131n hangi veri is\u0327leme faaliyeti sonucunda, ne zaman ve nas\u0131l ortaya c\u0327\u0131kt\u0131g\u0306\u0131 hakk\u0131nda ac\u0327\u0131klama bo\u0308lu\u0308mu\u0308nde detayl\u0131 bilgi veriniz)<br \/>\nDi\u011fer A\u00e7\u0131klamalar<\/p>\n<p>Bas\u0327vurunuza Cevap Yo\u0308ntemi<br \/>\n(Herhangi bir cevap yo\u0308ntemi tercih edilmemesi halinde bas\u0327vuru iletildig\u0306i usul ile cevapland\u0131r\u0131lacakt\u0131r.)<br \/>\n\u274f Adresime go\u0308nderilmesini istiyorum.<br \/>\n(Bas\u0327vuruda belirtilen adrese yap\u0131lacak olan go\u0308nderim ile)<br \/>\n\u274f Bas\u0327vuru formunda belirttig\u0306im elektronik posta adresime go\u0308nderilmesini istiyorum. (Elektronik posta yo\u0308ntemini sec\u0327meniz ha\u0302linde size daha h\u0131zl\u0131 cevap verebileceg\u0306iz.)<br \/>\n\u274f Elden teslim almak istiyorum.<br \/>\n(Veka\u0302leten teslim al\u0131nmas\u0131 durumunda noter tasdikli veka\u0302letname veya yetki belgesi olmas\u0131 gerekmektedir.)<br \/>\nI\u0307s\u0327bu bas\u0327vuru formu; taleplerinize dog\u0306ru, eksiksiz s\u0327ekilde ve kanunda belirtilen su\u0308rede cevap verilebilmesi ic\u0327in du\u0308zenlenmis\u0327tir. TOROS \u0130SKELE \u00a0hukuka ayk\u0131r\u0131 veya haks\u0131z s\u0327ekilde gerc\u0327ekles\u0327tirilen veri paylas\u0327\u0131m\u0131ndan kaynaklanabilecek hukuki risklerin bertaraf edilmesi ve o\u0308zellikle kis\u0327isel verilerinizin gu\u0308venlig\u0306inin sag\u0306lanmas\u0131 amac\u0131yla, kimlik ve yetki tespiti ic\u0327in ek evrak ve malumat (nu\u0308fus cu\u0308zdan\u0131 veya su\u0308ru\u0308cu\u0308 belgesi sureti vb.) talep etme hakk\u0131n\u0131 sakl\u0131 tutar. Form kapsam\u0131nda iletmekte oldug\u0306unuz taleplerinize ilis\u0327kin bilgilerin dog\u0306ru ve gu\u0308ncel olmamas\u0131, yanl\u0131s\u0327\/yan\u0131lt\u0131c\u0131 bilgilerle ya da yetkisiz bas\u0327vuru yap\u0131lmas\u0131 halindeTOROS \u0130SKELE so\u0308z konusu taleplerden dolay\u0131 mesuliyet kabul etmemektedir. Bu hallerde TOROS \u0130SKELE.\u2019nin bas\u0327vuruyu reddetme hakk\u0131 sakl\u0131d\u0131r.<\/p>\n<p>&nbsp;<\/p>\n<p>Tarih:<br \/>\nBas\u0327vuru Sahibi Ad\u0131 Soyad\u0131:<br \/>\nI\u0307mza: KEP u\u0308zerinden yap\u0131lan bas\u0327vurularda e-imza kullan\u0131labilir.<\/p>\n","protected":false},"excerpt":{"rendered":"<p>VER\u0130 SORUMLUSUNA BA\u015eVURU B\u0130LG\u0130LEND\u0130RMES\u0130 VE FORMU 6698 Say\u0131l\u0131 Kis\u0327isel Verilerin Korunmas\u0131 Kanunu (\u201cKVKK\u201dveya \u201cKanun\u201d) kapsam\u0131nda ilgili kis\u0327i olarak tan\u0131mlanan kis\u0327isel veri sahiplerine veya bu kis\u0327ilerin yasal temsilcilerine (\u201cBas\u0327vuru Sahibi\u201d veya \u201cI\u0307lgili Kis\u0327i\u201d), KVKK\u2019n\u0131n 11\u2019inci maddesinde kis\u0327isel verilerin is\u0327lenmesine ilis\u0327kin taleplerde bulunma haklar\u0131 du\u0308zenlenmis\u0327tir. KVKK\u2019n\u0131n 13 u\u0308ncu\u0308 maddesinin birinci f\u0131kras\u0131 uyar\u0131nca; veri sorumlusu olan TOROS \u0130SKELE [&hellip;]<\/p>\n","protected":false},"author":1,"featured_media":0,"parent":0,"menu_order":7,"comment_status":"closed","ping_status":"closed","template":"","meta":{"_stopmodifiedupdate":false,"_modified_date":"","footnotes":""},"class_list":["post-63","page","type-page","status-publish","hentry"],"_links":{"self":[{"href":"https:\/\/torosiskele.com\/torosiskele\/wp-json\/wp\/v2\/pages\/63","targetHints":{"allow":["GET"]}}],"collection":[{"href":"https:\/\/torosiskele.com\/torosiskele\/wp-json\/wp\/v2\/pages"}],"about":[{"href":"https:\/\/torosiskele.com\/torosiskele\/wp-json\/wp\/v2\/types\/page"}],"author":[{"embeddable":true,"href":"https:\/\/torosiskele.com\/torosiskele\/wp-json\/wp\/v2\/users\/1"}],"replies":[{"embeddable":true,"href":"https:\/\/torosiskele.com\/torosiskele\/wp-json\/wp\/v2\/comments?post=63"}],"version-history":[{"count":1,"href":"https:\/\/torosiskele.com\/torosiskele\/wp-json\/wp\/v2\/pages\/63\/revisions"}],"predecessor-version":[{"id":64,"href":"https:\/\/torosiskele.com\/torosiskele\/wp-json\/wp\/v2\/pages\/63\/revisions\/64"}],"wp:attachment":[{"href":"https:\/\/torosiskele.com\/torosiskele\/wp-json\/wp\/v2\/media?parent=63"}],"curies":[{"name":"wp","href":"https:\/\/api.w.org\/{rel}","templated":true}]}}