{"id":58,"date":"2025-06-14T16:21:40","date_gmt":"2025-06-14T13:21:40","guid":{"rendered":"https:\/\/torosiskele.com\/torosiskele\/?page_id=58"},"modified":"2025-06-14T16:21:40","modified_gmt":"2025-06-14T13:21:40","slug":"kalite-politikamiz","status":"publish","type":"page","link":"https:\/\/torosiskele.com\/torosiskele\/kalite-politikamiz\/","title":{"rendered":"Kalite Politikam\u0131z"},"content":{"rendered":"<p>TOROS \u0130SKELE LTD \u015eT\u0130\u00a0 \u00a0in\u015faat sekt\u00f6r\u00fcnde \u00f6nemli olan; kaliteli projeler yapmak, g\u00fcvenilir olmak ve verimli \u00e7al\u0131\u015fmak gibi hassas konulara azami dikkat g\u00f6sterir.<\/p>\n<p>&nbsp;<\/p>\n<p><img loading=\"lazy\" decoding=\"async\" class=\"alignnone size-full wp-image-59\" src=\"https:\/\/torosiskele.com\/torosiskele\/wp-content\/uploads\/2025\/06\/86994.jpg\" alt=\"\" width=\"800\" height=\"600\" \/><\/p>\n<p>&nbsp;<\/p>\n<p>TOROS \u0130SKELE \u00a0in\u015faat sekt\u00f6r\u00fcnde \u00f6nemli olan; kaliteli projeler yapmak, g\u00fcvenilir olmak ve verimli \u00e7al\u0131\u015fmak gibi hassas konulara azami dikkat g\u00f6sterir. Son teknolojilerden yararlanmak, ulusal ve uluslararas\u0131 standartlara uygunluk ve i\u015fin uzman\u0131 ile \u00e7al\u0131\u015fmak, \u015firketin kalite politikas\u0131n\u0131n temellerini olu\u015fturur.<\/p>\n<p>Her ko\u015fulda m\u00fckemmelli\u011fi hedefleyen TOROS \u0130SKELE, en alt kademeden tepe y\u00f6netime kadar t\u00fcm \u00e7al\u0131\u015fanlar\u0131n\u0131 ve i\u015f ortaklar\u0131n\u0131 s\u00fcrekli geli\u015fime, d\u00fcr\u00fcstl\u00fc\u011fe, verimli \u00e7al\u0131\u015fmaya ve yapt\u0131\u011f\u0131 i\u015fe de\u011fer katmaya te\u015fvik eder.<\/p>\n<p>T\u00fcm faaliyetlerinde \u00e7evreye ve i\u00e7inde bulundu\u011fu topluma kar\u015f\u0131 sorumluluklar\u0131n\u0131 dikkate alarak hareket eden Troya Teknik \u0130n\u015faat, bu duyarl\u0131l\u0131\u011f\u0131n\u0131 \u00e7evreye minimum seviyede etki eden \u00fcr\u00fcn ve teknolojileri kullanarak g\u00f6sterir. Standard\u0131n \u00fczerinde i\u015fler \u00e7\u0131karmak ve s\u00fcrd\u00fcr\u00fclebilir ya\u015fam ilkeleri do\u011frultusunda hareket eder<\/p>\n","protected":false},"excerpt":{"rendered":"<p>TOROS \u0130SKELE LTD \u015eT\u0130\u00a0 \u00a0in\u015faat sekt\u00f6r\u00fcnde \u00f6nemli olan; kaliteli projeler yapmak, g\u00fcvenilir olmak ve verimli \u00e7al\u0131\u015fmak gibi hassas konulara azami dikkat g\u00f6sterir. &nbsp; &nbsp; TOROS \u0130SKELE \u00a0in\u015faat sekt\u00f6r\u00fcnde \u00f6nemli olan; kaliteli projeler yapmak, g\u00fcvenilir olmak ve verimli \u00e7al\u0131\u015fmak gibi hassas konulara azami dikkat g\u00f6sterir. Son teknolojilerden yararlanmak, ulusal ve uluslararas\u0131 standartlara uygunluk ve i\u015fin uzman\u0131 [&hellip;]<\/p>\n","protected":false},"author":1,"featured_media":0,"parent":0,"menu_order":3,"comment_status":"closed","ping_status":"closed","template":"","meta":{"_stopmodifiedupdate":false,"_modified_date":"","footnotes":""},"class_list":["post-58","page","type-page","status-publish","hentry"],"_links":{"self":[{"href":"https:\/\/torosiskele.com\/torosiskele\/wp-json\/wp\/v2\/pages\/58","targetHints":{"allow":["GET"]}}],"collection":[{"href":"https:\/\/torosiskele.com\/torosiskele\/wp-json\/wp\/v2\/pages"}],"about":[{"href":"https:\/\/torosiskele.com\/torosiskele\/wp-json\/wp\/v2\/types\/page"}],"author":[{"embeddable":true,"href":"https:\/\/torosiskele.com\/torosiskele\/wp-json\/wp\/v2\/users\/1"}],"replies":[{"embeddable":true,"href":"https:\/\/torosiskele.com\/torosiskele\/wp-json\/wp\/v2\/comments?post=58"}],"version-history":[{"count":1,"href":"https:\/\/torosiskele.com\/torosiskele\/wp-json\/wp\/v2\/pages\/58\/revisions"}],"predecessor-version":[{"id":60,"href":"https:\/\/torosiskele.com\/torosiskele\/wp-json\/wp\/v2\/pages\/58\/revisions\/60"}],"wp:attachment":[{"href":"https:\/\/torosiskele.com\/torosiskele\/wp-json\/wp\/v2\/media?parent=58"}],"curies":[{"name":"wp","href":"https:\/\/api.w.org\/{rel}","templated":true}]}}