{"id":55,"date":"2025-06-14T16:19:39","date_gmt":"2025-06-14T13:19:39","guid":{"rendered":"https:\/\/torosiskele.com\/torosiskele\/?page_id=55"},"modified":"2025-06-14T16:19:39","modified_gmt":"2025-06-14T13:19:39","slug":"vizyon-misyon","status":"publish","type":"page","link":"https:\/\/torosiskele.com\/torosiskele\/vizyon-misyon\/","title":{"rendered":"Vizyon &#038; Misyon"},"content":{"rendered":"<p>\u0130n\u015faat sekt\u00f6r\u00fcn\u00fcn g\u00fcn\u00fcm\u00fcz yeni konseptleri i\u00e7erisinde vazge\u00e7ilmez olan do\u011fa dostu projeler, kolay ve sa\u011fl\u0131kl\u0131 ya\u015fam standartlar\u0131 gibi her t\u00fcrl\u00fc ihtiyaca y\u00f6nelik projelerimiz ile Projelerimizin g\u00fczelli\u011fine g\u00fczellik katmaya devam edece\u011fiz..<\/p>\n<p>&nbsp;<\/p>\n<p><img loading=\"lazy\" decoding=\"async\" class=\"alignnone  wp-image-56\" src=\"https:\/\/torosiskele.com\/torosiskele\/wp-content\/uploads\/2025\/06\/23d0a-1024x664.jpg\" alt=\"\" width=\"663\" height=\"430\" \/><\/p>\n<p>\u0130n\u015faat sekt\u00f6r\u00fcn\u00fcn g\u00fcn\u00fcm\u00fcz yeni konseptleri i\u00e7erisinde vazge\u00e7ilmez olan do\u011fa dostu projeler, kolay ve sa\u011fl\u0131kl\u0131 ya\u015fam standartlar\u0131 gibi her t\u00fcrl\u00fc ihtiyaca y\u00f6nelik projelerimiz ile Projelerimizin g\u00fczelli\u011fine g\u00fczellik katmaya devam edece\u011fiz..<\/p>\n<p>Estetik, ihtayaca y\u00f6nelik, ferah ya\u015fam alanlar\u0131 \u00fcretmek<\/p>\n<p>Kaliteli ve do\u011fal malzemeyle, insan sa\u011fl\u0131\u011f\u0131n\u0131 \u00f6n planda tutan projeler \u00fcretmek.<\/p>\n<p>\u00c7evre ve \u015fehir uyumlu do\u011fa ile i\u00e7 i\u00e7e projeler \u00fcretmek.<\/p>\n<p>Yar\u0131n\u0131 in\u015fa etmek..<\/p>\n","protected":false},"excerpt":{"rendered":"<p>\u0130n\u015faat sekt\u00f6r\u00fcn\u00fcn g\u00fcn\u00fcm\u00fcz yeni konseptleri i\u00e7erisinde vazge\u00e7ilmez olan do\u011fa dostu projeler, kolay ve sa\u011fl\u0131kl\u0131 ya\u015fam standartlar\u0131 gibi her t\u00fcrl\u00fc ihtiyaca y\u00f6nelik projelerimiz ile Projelerimizin g\u00fczelli\u011fine g\u00fczellik katmaya devam edece\u011fiz.. &nbsp; \u0130n\u015faat sekt\u00f6r\u00fcn\u00fcn g\u00fcn\u00fcm\u00fcz yeni konseptleri i\u00e7erisinde vazge\u00e7ilmez olan do\u011fa dostu projeler, kolay ve sa\u011fl\u0131kl\u0131 ya\u015fam standartlar\u0131 gibi her t\u00fcrl\u00fc ihtiyaca y\u00f6nelik projelerimiz ile Projelerimizin g\u00fczelli\u011fine [&hellip;]<\/p>\n","protected":false},"author":1,"featured_media":0,"parent":0,"menu_order":0,"comment_status":"closed","ping_status":"closed","template":"","meta":{"_stopmodifiedupdate":false,"_modified_date":"","footnotes":""},"class_list":["post-55","page","type-page","status-publish","hentry"],"_links":{"self":[{"href":"https:\/\/torosiskele.com\/torosiskele\/wp-json\/wp\/v2\/pages\/55","targetHints":{"allow":["GET"]}}],"collection":[{"href":"https:\/\/torosiskele.com\/torosiskele\/wp-json\/wp\/v2\/pages"}],"about":[{"href":"https:\/\/torosiskele.com\/torosiskele\/wp-json\/wp\/v2\/types\/page"}],"author":[{"embeddable":true,"href":"https:\/\/torosiskele.com\/torosiskele\/wp-json\/wp\/v2\/users\/1"}],"replies":[{"embeddable":true,"href":"https:\/\/torosiskele.com\/torosiskele\/wp-json\/wp\/v2\/comments?post=55"}],"version-history":[{"count":1,"href":"https:\/\/torosiskele.com\/torosiskele\/wp-json\/wp\/v2\/pages\/55\/revisions"}],"predecessor-version":[{"id":57,"href":"https:\/\/torosiskele.com\/torosiskele\/wp-json\/wp\/v2\/pages\/55\/revisions\/57"}],"wp:attachment":[{"href":"https:\/\/torosiskele.com\/torosiskele\/wp-json\/wp\/v2\/media?parent=55"}],"curies":[{"name":"wp","href":"https:\/\/api.w.org\/{rel}","templated":true}]}}